{"id":1554,"date":"2024-06-23T16:47:51","date_gmt":"2024-06-23T16:47:51","guid":{"rendered":"https:\/\/schwimmbadtechnik-mallorca.com\/galeria-fotos-trabajos\/"},"modified":"2025-03-02T17:20:09","modified_gmt":"2025-03-02T17:20:09","slug":"unsere-kunden","status":"publish","type":"page","link":"https:\/\/schwimmbadtechnik-mallorca.com\/de\/unsere-kunden\/","title":{"rendered":"Unsere kunden"},"content":{"rendered":"<p>[vc_row][vc_column][vc_single_image image=&#8221;1086&#8243; alignment=&#8221;center&#8221; css=&#8221;.vc_custom_1719246549574{margin-top: -30px !important;}&#8221;][vc_custom_heading text=&#8221;FOTOGALERIE UNSERER KUNDEN&#8221; font_container=&#8221;tag:h3|text_align:center|color:%231e73be&#8221;][vc_single_image image=&#8221;1184&#8243; img_size=&#8221;full&#8221;][vc_column_text]<\/p>\n<p style=\"text-align: justify;\">Wir von <strong>Hidroinstalaciones<\/strong> sind stolz darauf, ein f\u00fchrendes Unternehmen f\u00fcr die Installation von Schwimmb\u00e4dern und die Wasseraufbereitung auf Mallorca zu sein. Wir zeichnen uns durch unsere Professionalit\u00e4t und unser unerm\u00fcdliches Streben nach Perfektion bei jedem Projekt aus, das wir durchf\u00fchren. Unsere sorgf\u00e4ltige und detaillierte Arbeitsweise gew\u00e4hrleistet, dass jede Installation und Behandlung nach den h\u00f6chsten Qualit\u00e4ts- und Pr\u00e4zisionsstandards durchgef\u00fchrt wird.<\/p>\n<p style=\"text-align: justify;\"><strong>Engagement f\u00fcr Qualit\u00e4t<\/strong><\/p>\n<p style=\"text-align: justify;\">Bei <strong>Hidroinstalaciones<\/strong> zeichnet sich unsere Arbeit durch absolute Strenge in jeder Phase des Projekts aus, von der ersten Planung bis zur Fertigstellung und laufenden Wartung. Jede Installation wird mit viel Liebe zum Detail, unter Verwendung hochwertiger Materialien und der fortschrittlichsten Techniken der Branche durchgef\u00fchrt.<\/p>\n<p style=\"text-align: justify;\">Kundenzufriedenheit ist unsere oberste Priorit\u00e4t. Wir sind bestrebt, die Erwartungen zu \u00fcbertreffen und sicherzustellen, dass jeder Kunde ein Polerlebnis genie\u00dft, das Funktionalit\u00e4t, Effizienz und \u00c4sthetik vereint. Unser Streben nach Perfektion spiegelt sich in jedem Projekt, ob gro\u00df oder klein, wider und gew\u00e4hrleistet dauerhafte Ergebnisse von h\u00f6chster Qualit\u00e4t.<\/p>\n<p style=\"text-align: justify;\">Verlassen Sie sich auf die Erfahrung und das Engagement von <strong>Hidroinstalaciones<\/strong> um Ihre Vision in die Realit\u00e4t umzusetzen. Wir bieten Ihnen ma\u00dfgeschneiderte L\u00f6sungen und au\u00dfergew\u00f6hnliche Dienstleistungen in der Welt der technischen Schwimmbad und Wasseraufbereitungsanlagen.<\/p>\n<p>[\/vc_column_text][vc_empty_space hide_on_desktop=&#8221;&#8221; hide_on_notebook=&#8221;&#8221; hide_on_tablet=&#8221;&#8221; hide_on_mobile=&#8221;&#8221;][vc_gallery type=&#8221;nivo&#8221; interval=&#8221;3&#8243; images=&#8221;1454,1440,1438,1436,1432,1430,1426,1422,1420,1412,1410,1406,1402,1400&#8243; img_size=&#8221;full&#8221; onclick=&#8221;img_link_large&#8221;][vc_empty_space hide_on_desktop=&#8221;&#8221; hide_on_notebook=&#8221;&#8221; hide_on_tablet=&#8221;&#8221; hide_on_mobile=&#8221;&#8221;][vc_gallery type=&#8221;nivo&#8221; interval=&#8221;3&#8243; images=&#8221;1394,1458,1456,1450,1448,1446,1442,1434,1428,1424,1418,1416,1444,1414,1452,1408,1404,1398,1396,1392&#8243; img_size=&#8221;full&#8221;][\/vc_column][\/vc_row][vc_row][vc_column][\/vc_column][\/vc_row]<\/p>\n","protected":false},"excerpt":{"rendered":"<p>[vc_row][vc_column][vc_single_image image=&#8221;1086&#8243; alignment=&#8221;center&#8221; css=&#8221;.vc_custom_1719246549574{margin-top: -30px !important;}&#8221;][vc_custom_heading text=&#8221;FOTOGALERIE UNSERER KUNDEN&#8221; font_container=&#8221;tag:h3|text_align:center|color:%231e73be&#8221;][vc_single_image image=&#8221;1184&#8243; img_size=&#8221;full&#8221;][vc_column_text] Wir von Hidroinstalaciones sind stolz darauf, ein f\u00fchrendes Unternehmen f\u00fcr die Installation von Schwimmb\u00e4dern und die Wasseraufbereitung auf Mallorca zu sein. Wir zeichnen&hellip;<\/p>\n","protected":false},"author":1,"featured_media":0,"parent":0,"menu_order":0,"comment_status":"closed","ping_status":"closed","template":"","meta":{"footnotes":""},"class_list":["post-1554","page","type-page","status-publish","hentry"],"_links":{"self":[{"href":"https:\/\/schwimmbadtechnik-mallorca.com\/de\/wp-json\/wp\/v2\/pages\/1554","targetHints":{"allow":["GET"]}}],"collection":[{"href":"https:\/\/schwimmbadtechnik-mallorca.com\/de\/wp-json\/wp\/v2\/pages"}],"about":[{"href":"https:\/\/schwimmbadtechnik-mallorca.com\/de\/wp-json\/wp\/v2\/types\/page"}],"author":[{"embeddable":true,"href":"https:\/\/schwimmbadtechnik-mallorca.com\/de\/wp-json\/wp\/v2\/users\/1"}],"replies":[{"embeddable":true,"href":"https:\/\/schwimmbadtechnik-mallorca.com\/de\/wp-json\/wp\/v2\/comments?post=1554"}],"version-history":[{"count":8,"href":"https:\/\/schwimmbadtechnik-mallorca.com\/de\/wp-json\/wp\/v2\/pages\/1554\/revisions"}],"predecessor-version":[{"id":1587,"href":"https:\/\/schwimmbadtechnik-mallorca.com\/de\/wp-json\/wp\/v2\/pages\/1554\/revisions\/1587"}],"wp:attachment":[{"href":"https:\/\/schwimmbadtechnik-mallorca.com\/de\/wp-json\/wp\/v2\/media?parent=1554"}],"curies":[{"name":"wp","href":"https:\/\/api.w.org\/{rel}","templated":true}]}}