{"id":1613,"date":"2017-11-02T12:33:22","date_gmt":"2017-11-02T12:33:22","guid":{"rendered":"https:\/\/schwimmbadtechnik-mallorca.com\/wasseraufbereitung\/"},"modified":"2025-03-03T16:38:46","modified_gmt":"2025-03-03T16:38:46","slug":"wasseraufbereitung","status":"publish","type":"page","link":"https:\/\/schwimmbadtechnik-mallorca.com\/de\/wasseraufbereitung\/","title":{"rendered":"Wasseraufbereitung"},"content":{"rendered":"<p>[vc_row full_width=&#8221;stretch_row&#8221;][vc_column][vc_empty_space height=&#8221;2em&#8221; alter_height=&#8221;none&#8221; hide_on_desktop=&#8221;&#8221; hide_on_notebook=&#8221;&#8221; hide_on_tablet=&#8221;&#8221; hide_on_mobile=&#8221;&#8221;]<div id=\"sc_title_2017695605\"\n\t\tclass=\"sc_title color_style_default sc_title_default\"><h4 class=\"sc_item_title sc_title_title sc_align_left sc_item_title_style_default sc_item_title_tag\">WASSERAUFBEREITUNG<\/h4><\/div><!-- \/.sc_title -->[vc_single_image image=&#8221;1152&#8243; img_size=&#8221;full&#8221;][\/vc_column][\/vc_row][vc_row full_width=&#8221;stretch_row&#8221; hide_bg_image_on_tablet=&#8221;&#8221; hide_bg_image_on_mobile=&#8221;&#8221;][vc_column icons_position=&#8221;left&#8221;][vc_empty_space height=&#8221;4em&#8221; alter_height=&#8221;none&#8221; hide_on_desktop=&#8221;&#8221; hide_on_notebook=&#8221;&#8221; hide_on_tablet=&#8221;&#8221; hide_on_mobile=&#8221;&#8221;][vc_row_inner][vc_column_inner width=&#8221;1\/2&#8243; icons_position=&#8221;left&#8221;]<div id=\"sc_title_814915381\"\n\t\tclass=\"sc_title color_style_default sc_title_default\"><h5 class=\"sc_item_title sc_title_title sc_align_left sc_item_title_style_default sc_item_title_tag\">SALZELEKTROLYSE<\/h5><\/div><!-- \/.sc_title -->[vc_empty_space height=&#8221;2em&#8221; alter_height=&#8221;none&#8221; hide_on_desktop=&#8221;&#8221; hide_on_notebook=&#8221;&#8221; hide_on_tablet=&#8221;&#8221; hide_on_mobile=&#8221;&#8221;][vc_column_text]<\/p>\n<p style=\"text-align: justify;\"><span style=\"text-decoration: underline;\"><strong>WAS IST ES?<\/strong><\/span><br \/>\nDie herk\u00f6mmliche Form der Schwimmbadwasseraufbereitung besteht im Wesentlichen aus der Zugabe von Chlor. In den meisten im Handel erh\u00e4ltlichen Formen ist dies mit der Zugabe von Isocyanurs\u00e4ure verbunden.Die <strong>SALZELEKTROLYSE-SYSTEME<\/strong> bieten ein neues Konzept f\u00fcr die Aufbereitung Ihres Schwimmbeckens, das die Qualit\u00e4t des Wassers verbessert und die Manipulation mit Chlor vermeidet. Mit dem Salzelektrolysesystem wird eine effizientere und weniger aggressive Desinfektion des Wassers erreicht, da das gebildete Chlor freies Chlor ist, das bei der Desinfektion verdampft. Salzelektrolysesysteme wurden unter Ber\u00fccksichtigung der spezifischen Bed\u00fcrfnisse bei der Behandlung von Schwimmbadwasser entwickelt und hergestellt. Ihr Hauptmerkmal ist die einfache Handhabung und der geringe Wartungsa<br \/>\nufwand, da es sich um selbstreinigende Elektrolyseanlagen handelt.<\/p>\n<p style=\"text-align: justify;\"><span style=\"text-decoration: underline;\"><strong>WIE FUNKTIONIERT DAS?<\/strong><\/span><br \/>\nSalzelektrolyseanlagen erzeugen Chlor aus im Wasser gel\u00f6stem Kochsalz. Das f\u00fcr den Betrieb notwendige Salz muss dem Schwimmbecken in einer Konzentration von 4 bis 6 kg\/m3 (6-mal weniger als Meerwasser) zugef\u00fchrt werden. Das Salz sollte nur einmal bei der Bef\u00fcllung des Beckens zugegeben werden. Aufgrund der Wasserverluste bei der Filtersp\u00fclung sollten nur geringe regelm\u00e4\u00dfige Nachf\u00fcllungen vorgenommen werden. Die Wasseraufbereitung durch Elektrolyse ist ein geschlossenes System, bei dem kein Salz verbraucht wird. Wenn wir einen elektrischen Gleichstrom durch eine Salzl\u00f6sung flie\u00dfen lassen, finden an der Oberfl\u00e4che der Elektroden der Elektrolysezelle die folgenden elektrochemischen Reaktionen statt:<\/p>\n<p>NEGATIVER PUNKT (KATHODE) 2 H2O + 2 e \u2192 H2 + 2 OH POSITIVER PUNKT (ANODE) 2 H2<br \/>\nO \u2192 O2 + 4 H+ 4 e 2 NaCI \u2192 Cl2 + 2 Na+ + 2 e<\/p>\n<p style=\"text-align: justify;\">Unser Unternehmen installiert Anlagen f\u00fcr die Salzelektrolyse sowohl in der normalen Version, die mit einer Salzkonzentration von 4 bis 6 kg\/m3 arbeitet, als auch in der so genannten Low-Salt-Version, die auf die gleiche Weise wie die anderen funktioniert, aber mit einer Salzkonzentration von 1 bis 2 kg\/m3, haupts\u00e4chlich in Schwimmbecken mit Edelstahlzubeh\u00f6r.<\/p>\n<p>[\/vc_column_text][vc_empty_space height=&#8221;2em&#8221; alter_height=&#8221;none&#8221; hide_on_desktop=&#8221;&#8221; hide_on_notebook=&#8221;&#8221; hide_on_tablet=&#8221;1&#8243; hide_on_mobile=&#8221;1&#8243;][\/vc_column_inner][vc_column_inner width=&#8221;1\/2&#8243;][vc_single_image image=&#8221;1108&#8243; img_size=&#8221;full&#8221;][vc_empty_space height=&#8221;2em&#8221; alter_height=&#8221;none&#8221; hide_on_desktop=&#8221;&#8221; hide_on_notebook=&#8221;&#8221; hide_on_tablet=&#8221;&#8221; hide_on_mobile=&#8221;&#8221;][vc_single_image image=&#8221;1138&#8243; img_size=&#8221;full&#8221;][vc_empty_space height=&#8221;2em&#8221; alter_height=&#8221;none&#8221; hide_on_desktop=&#8221;&#8221; hide_on_notebook=&#8221;&#8221; hide_on_tablet=&#8221;&#8221; hide_on_mobile=&#8221;&#8221;][vc_single_image image=&#8221;1113&#8243; img_size=&#8221;full&#8221;][vc_empty_space height=&#8221;2em&#8221; alter_height=&#8221;none&#8221; hide_on_desktop=&#8221;&#8221; hide_on_notebook=&#8221;&#8221; hide_on_tablet=&#8221;&#8221; hide_on_mobile=&#8221;&#8221;][\/vc_column_inner][\/vc_row_inner][\/vc_column][\/vc_row][vc_row full_width=&#8221;stretch_row&#8221; hide_bg_image_on_tablet=&#8221;&#8221; hide_bg_image_on_mobile=&#8221;&#8221;][vc_column icons_position=&#8221;left&#8221;][vc_empty_space height=&#8221;4em&#8221; alter_height=&#8221;none&#8221; hide_on_desktop=&#8221;&#8221; hide_on_notebook=&#8221;&#8221; hide_on_tablet=&#8221;&#8221; hide_on_mobile=&#8221;&#8221;][vc_row_inner][vc_column_inner width=&#8221;1\/2&#8243; icons_position=&#8221;left&#8221;]<div id=\"sc_title_1551334283\"\n\t\tclass=\"sc_title color_style_default sc_title_default\"><h5 class=\"sc_item_title sc_title_title sc_align_left sc_item_title_style_default sc_item_title_tag\">WARMWASSERBEREITUNG DURCH SONNENKOLLEKTOREN<\/h5><\/div><!-- \/.sc_title -->[vc_empty_space height=&#8221;2em&#8221; alter_height=&#8221;none&#8221; hide_on_desktop=&#8221;&#8221; hide_on_notebook=&#8221;&#8221; hide_on_tablet=&#8221;&#8221; hide_on_mobile=&#8221;&#8221;][vc_column_text]<\/p>\n<p style=\"text-align: justify;\">Solarkollektoren sind eine immer beliebtere Option f\u00fcr Poolbesitzer, die die Wassertemperatur auf wirtschaftlichere und umweltfreundlichere Weise erh\u00f6hen wollen als mit traditionellen Methoden wie Gasheizungen.<\/p>\n<p>[\/vc_column_text][vc_column_text]<\/p>\n<p style=\"text-align: justify;\">Hier erkl\u00e4ren wir, wie Solarkollektoren zur Erw\u00e4rmung von Schwimmbadwasser funktionieren:<\/p>\n<ol style=\"text-align: justify;\">\n<li>Sammlung von Solarenergie: Solarkollektoren f\u00fcr Schwimmb\u00e4der bestehen aus Sonnenkollektoren, bei denen es sich in der Regel um flache schwarze Platten oder geschw\u00e4rzte R\u00f6hren handelt, die die Sonnenstrahlung absorbieren sollen. Diese Kollektoren werden in Reihe geschaltet und in einem Bereich installiert, der der Sonne ausgesetzt ist, z. B. auf dem Dach eines Hauses, einer freistehenden Konstruktion oder dem Boden in der N\u00e4he des Pools.<\/li>\n<li>Wasserzirkulation: Das System nutzt die Poolpumpe, um das Wasser durch die Solarkollektoren zu leiten. Wenn das Wasser durch die Kollektoren flie\u00dft, wird es durch die W\u00e4rme\u00fcbertragung von den Sonnenkollektoren durch die absorbierte Sonnenstrahlung erw\u00e4rmt.<\/li>\n<li>W\u00e4rme\u00fcbertragung: Die Sonnenstrahlung wird von den Kollektoren absorbiert und in W\u00e4rme umgewandelt. W\u00e4hrend das Wasser durch die Kollektoren flie\u00dft, erw\u00e4rmt es sich allm\u00e4hlich und flie\u00dft dann in das Schwimmbecken zur\u00fcck.<\/li>\n<li>Steuerung und Verteilung: Einige solare Poolheizungssysteme verf\u00fcgen \u00fcber Steuerger\u00e4te, mit denen die gew\u00fcnschte Wassertemperatur eingestellt werden kann. Erreicht die Pooltemperatur den eingestellten Wert, kann das System den Wasserstrom \u00fcber ein Bypass direkt in den Pool leiten, ohne die Solarkollektoren zu passieren.<\/li>\n<li>Temperaturerh\u00f6hung: Im Laufe der Zeit und bei guter Sonneneinstrahlung k\u00f6nnen die Sonnenkollektoren die Temperatur des Schwimmbadwassers deutlich erh\u00f6hen. Es ist jedoch zu beachten, dass die Effizienz des Systems je nach geografischem Standort, Neigung und Ausrichtung der Kollektoren, Bew\u00f6lkung und anderen klimatischen Faktoren variieren kann.<\/li>\n<li>\u00d6kologische und wirtschaftliche Vorteile: Der Einsatz von Solarkollektoren zur Erw\u00e4rmung des Schwimmbadwassers verringert die Abh\u00e4ngigkeit von nicht erneuerbaren Energiequellen und reduziert somit die Treibhausgasemissionen. Auch wenn die Anfangsinvestitionen h\u00f6her sind als bei anderen Heizsystemen, k\u00f6nnen Solarkollektoren aufgrund der niedrigeren Betriebskosten langfristig wirtschaftlicher sein.<\/li>\n<\/ol>\n<p style=\"text-align: justify;\">Zusammenfassend l\u00e4sst sich sagen, dass Sonnenkollektoren f\u00fcr die Schwimmbadwassererw\u00e4rmung eine effiziente und umweltfreundliche M\u00f6glichkeit sind, die Wassertemperatur mithilfe von Sonnenenergie zu erh\u00f6hen. Als Installateur von Schwimmbadausr\u00fcstung ist es wichtig, mit diesen Systemen und ihrer Installation vertraut zu sein, um Ihren Kunden eine nachhaltigere und wirtschaftlichere M\u00f6glichkeit zu bieten, ihren Pool zu genie\u00dfen.<\/p>\n<p>[\/vc_column_text][vc_empty_space height=&#8221;2em&#8221; alter_height=&#8221;none&#8221; hide_on_desktop=&#8221;&#8221; hide_on_notebook=&#8221;&#8221; hide_on_tablet=&#8221;1&#8243; hide_on_mobile=&#8221;1&#8243;][\/vc_column_inner][vc_column_inner width=&#8221;1\/2&#8243;][vc_single_image image=&#8221;1148&#8243; img_size=&#8221;full&#8221;][vc_empty_space height=&#8221;2em&#8221; alter_height=&#8221;none&#8221; hide_on_desktop=&#8221;&#8221; hide_on_notebook=&#8221;&#8221; hide_on_tablet=&#8221;&#8221; hide_on_mobile=&#8221;&#8221;][vc_single_image image=&#8221;1180&#8243; img_size=&#8221;full&#8221;][vc_empty_space height=&#8221;2em&#8221; alter_height=&#8221;none&#8221; hide_on_desktop=&#8221;&#8221; hide_on_notebook=&#8221;&#8221; hide_on_tablet=&#8221;&#8221; hide_on_mobile=&#8221;&#8221;][vc_single_image image=&#8221;1113&#8243; img_size=&#8221;full&#8221;][vc_empty_space height=&#8221;2em&#8221; alter_height=&#8221;none&#8221; hide_on_desktop=&#8221;&#8221; hide_on_notebook=&#8221;&#8221; hide_on_tablet=&#8221;&#8221; hide_on_mobile=&#8221;&#8221;][\/vc_column_inner][\/vc_row_inner][\/vc_column][\/vc_row][vc_row full_width=&#8221;stretch_row_content_no_spaces&#8221; css=&#8221;.vc_custom_1693247615458{background-color: #ffffff !important;}&#8221;][vc_column][vc_single_image image=&#8221;1310&#8243; img_size=&#8221;full&#8221; alignment=&#8221;center&#8221;][\/vc_column][\/vc_row][vc_row disable_element=&#8221;yes&#8221;][vc_column][vc_empty_space height=&#8221;2em&#8221; alter_height=&#8221;none&#8221; hide_on_desktop=&#8221;&#8221; hide_on_notebook=&#8221;&#8221; hide_on_tablet=&#8221;1&#8243; hide_on_mobile=&#8221;1&#8243;][vc_empty_space height=&#8221;4em&#8221; alter_height=&#8221;none&#8221; hide_on_desktop=&#8221;&#8221; hide_on_notebook=&#8221;&#8221; hide_on_tablet=&#8221;&#8221; hide_on_mobile=&#8221;&#8221;]<div class=\"sc_item_button sc_button_wrap sc_align_center\"><a href=\"\/our-benefits\/\" id=\"sc_button_1651779627\" class=\"sc_button color_style_link2 sc_button_default sc_button_size_large sc_button_icon_left\"><span class=\"sc_button_text\"><span class=\"sc_button_title\">More Services<\/span><\/span><!-- \/.sc_button_text --><\/a><!-- \/.sc_button --><\/div><!-- \/.sc_item_button -->[vc_empty_space height=&#8221;4em&#8221; alter_height=&#8221;none&#8221; hide_on_desktop=&#8221;&#8221; hide_on_notebook=&#8221;&#8221; hide_on_tablet=&#8221;&#8221; hide_on_mobile=&#8221;&#8221;][vc_empty_space height=&#8221;5.9em&#8221; alter_height=&#8221;none&#8221; hide_on_desktop=&#8221;&#8221; hide_on_notebook=&#8221;&#8221; hide_on_tablet=&#8221;1&#8243; hide_on_mobile=&#8221;1&#8243;][\/vc_column][\/vc_row][vc_row full_width=&#8221;stretch_row&#8221; disable_element=&#8221;yes&#8221; scheme=&#8221;dark&#8221; hide_bg_image_on_tablet=&#8221;&#8221; hide_bg_image_on_mobile=&#8221;&#8221; css=&#8221;.vc_custom_1693243754356{background-image: url(https:\/\/schwimmbadtechnik-mallorca.com\/wp-content\/uploads\/2017\/11\/bg_action_service.jpg?id=457) !important;background-position: center !important;background-repeat: no-repeat !important;background-size: cover !important;}&#8221;][vc_column][vc_empty_space height=&#8221;4em&#8221; alter_height=&#8221;none&#8221; hide_on_desktop=&#8221;&#8221; hide_on_notebook=&#8221;&#8221; hide_on_tablet=&#8221;&#8221; hide_on_mobile=&#8221;&#8221;][vc_empty_space height=&#8221;9em&#8221; alter_height=&#8221;none&#8221; hide_on_desktop=&#8221;&#8221; hide_on_notebook=&#8221;&#8221; hide_on_tablet=&#8221;1&#8243; hide_on_mobile=&#8221;1&#8243;]<div id=\"sc_content_1911720043\"\n\t\tclass=\"sc_content color_style_default sc_content_default sc_float_center\"><div class=\"sc_content_container\"><div  id=\"sc_action_1396828692\" \n\tclass=\"sc_action color_style_default sc_action_default\"><div class=\"sc_action_content sc_item_content\"><div class=\"sc_action_item sc_action_item_default sc_action_item_ml\">\n\t\t\t<h6 class=\"sc_action_item_subtitle\"><span>eco friendly<\/span><\/h6><h3 class=\"sc_action_item_title\"><span>Backyard Pool Landscaping Idea<\/span><\/h3><a href=\"\/request-a-quote\/\" class=\"sc_action_item_link sc_button sc_button_size_large\">more information<\/a><\/div><\/div><\/div><!-- \/.sc_action --><\/div><\/div><!-- \/.sc_content -->[vc_empty_space height=&#8221;4em&#8221; alter_height=&#8221;none&#8221; hide_on_desktop=&#8221;&#8221; hide_on_notebook=&#8221;&#8221; hide_on_tablet=&#8221;&#8221; hide_on_mobile=&#8221;&#8221;][vc_empty_space height=&#8221;8.55em&#8221; alter_height=&#8221;none&#8221; hide_on_desktop=&#8221;&#8221; hide_on_notebook=&#8221;&#8221; hide_on_tablet=&#8221;1&#8243; hide_on_mobile=&#8221;1&#8243;][\/vc_column][\/vc_row][vc_row disable_element=&#8221;yes&#8221;][vc_column][vc_empty_space height=&#8221;4em&#8221; alter_height=&#8221;none&#8221; hide_on_desktop=&#8221;&#8221; hide_on_notebook=&#8221;&#8221; hide_on_tablet=&#8221;&#8221; hide_on_mobile=&#8221;&#8221;]<div  id=\"sc_promo_583329351\" \n\tclass=\"sc_promo color_style_default sc_promo_default sc_promo_size_large sc_promo_no_paddings sc_promo_image_position_right\"><div class=\"sc_promo_image\" style=\"background-image:url(https:\/\/schwimmbadtechnik-mallorca.com\/wp-content\/uploads\/2017\/11\/service_bg.jpg);width:45%;right: 0;\"><\/div><div class=\"sc_promo_text\" style=\"width: 55%;float: left;\">\n\t\t\t<div class=\"sc_promo_text_inner sc_content_width_55%\" style=\"\"><h6 class=\"sc_item_subtitle sc_promo_subtitle sc_align_left sc_item_title_style_default\">we build the best pools<\/h6><h1 class=\"sc_item_title sc_promo_title sc_align_left sc_item_title_style_default sc_item_title_tag\">Energy Efficient Pool Equipment Helps Save<\/h1><div class=\"sc_item_descr sc_promo_descr sc_align_left\"><p>Ut enim ad minim veniam, quis nostrud exercitation ullamco laboris nisi ut aliquip ex ea commodo consequat. Duis aute irure dolor in reprehendecat cupidatat non proidem. Sed ut perspiciatis unde omnis iste natus error sit voluptatem accusantium doloremque laudantium.<\/p>\n<\/div><div class=\"sc_item_button sc_button_wrap sc_align_left\"><a href=\"\/our-team\/\" id=\"sc_button_1727566566\" class=\"sc_button color_style_default sc_button_default sc_item_button sc_item_button_default sc_promo_button sc_button_size_normal sc_button_icon_left\"><span class=\"sc_button_text\"><span class=\"sc_button_title\">Read More<\/span><\/span><!-- \/.sc_button_text --><\/a><!-- \/.sc_button --><\/div><!-- \/.sc_item_button --><\/div>\n\t\t<\/div><!-- \/.sc_promo_text --><\/div><!-- \/.sc_promo -->[vc_empty_space height=&#8221;4em&#8221; alter_height=&#8221;none&#8221; hide_on_desktop=&#8221;&#8221; hide_on_notebook=&#8221;&#8221; hide_on_tablet=&#8221;&#8221; hide_on_mobile=&#8221;&#8221;][\/vc_column][\/vc_row][vc_row disable_element=&#8221;yes&#8221;][vc_column icons_position=&#8221;left&#8221;][vc_empty_space height=&#8221;4em&#8221; alter_height=&#8221;none&#8221; hide_on_desktop=&#8221;&#8221; hide_on_notebook=&#8221;&#8221; hide_on_tablet=&#8221;&#8221; hide_on_mobile=&#8221;&#8221;][vc_empty_space height=&#8221;5.75em&#8221; alter_height=&#8221;none&#8221; hide_on_desktop=&#8221;&#8221; hide_on_notebook=&#8221;&#8221; hide_on_tablet=&#8221;1&#8243; hide_on_mobile=&#8221;1&#8243;]<div  id=\"sc_price_720483362\" \n\tclass=\"sc_price color_style_default sc_price_default\"><h1 class=\"sc_item_title sc_price_title sc_align_center sc_item_title_style_default sc_item_title_tag\">Pricing Table<\/h1><div class=\"sc_price_columns_wrap sc_item_columns trx_addons_columns_wrap columns_padding_bottom\"><div class=\"trx_addons_column-1_3\"><div class=\"sc_price_item sc_price_item_default\">\n\t\t\t<div class=\"sc_price_item_info\"><div class=\"sc_price_item_price\"><span class=\"sc_price_item_price_value\">$30<\/span><span class=\"sc_price_item_price_after\">\/month<\/span><\/div><h6 class=\"sc_price_item_subtitle\"><span>Deluxe<\/span><\/h6><div class=\"sc_price_item_details\"><ul>\n \t<li>Maintenance<\/li>\n \t<li>Pool Repair<\/li>\n \t<li>Automatic Pool Covers<\/li>\n \t<li>Pool Closings<\/li>\n \t<li>Renovation & Restoration<\/li>\n<\/ul><\/div><a href=\"\/our-services\/\" target=\"_blank\" class=\"sc_price_item_link sc_button sc_button color_style_link3 sc_button_default sc_button_size_small\">More Info<\/a><\/div><!-- \/.sc_price_item_info --><\/div><\/div><div class=\"trx_addons_column-1_3\"><div class=\"sc_price_item sc_price_item_default\">\n\t\t\t<div class=\"sc_price_item_info\"><div class=\"sc_price_item_price\"><span class=\"sc_price_item_price_value\">$27<\/span><span class=\"sc_price_item_price_after\">\/month<\/span><\/div><h6 class=\"sc_price_item_subtitle\"><span>Standard<\/span><\/h6><div class=\"sc_price_item_details\"><ul>\n \t<li>Maintenance<\/li>\n \t<li>Pool Repair<\/li>\n \t<li>Automatic Pool Covers<\/li>\n \t<li>Pool Closings<\/li>\n \t<li>-<\/li>\n<\/ul><\/div><a href=\"\/our-services\/\" target=\"_blank\" class=\"sc_price_item_link sc_button sc_button color_style_link3 sc_button_default sc_button_size_small\">More Info<\/a><\/div><!-- \/.sc_price_item_info --><\/div><\/div><div class=\"trx_addons_column-1_3\"><div class=\"sc_price_item sc_price_item_default\">\n\t\t\t<div class=\"sc_price_item_info\"><div class=\"sc_price_item_price\"><span class=\"sc_price_item_price_value\">$25<\/span><span class=\"sc_price_item_price_after\">\/month<\/span><\/div><h6 class=\"sc_price_item_subtitle\"><span>Vacation<\/span><\/h6><div class=\"sc_price_item_details\"><ul>\n \t<li>Maintenance<\/li>\n \t<li>Pool Repair<\/li>\n \t<li>-<\/li>\n \t<li>Pool Closings<\/li>\n \t<li>-<\/li>\n<\/ul><\/div><a href=\"\/our-services\/\" target=\"_blank\" class=\"sc_price_item_link sc_button sc_button color_style_link3 sc_button_default sc_button_size_small\">More Info<\/a><\/div><!-- \/.sc_price_item_info --><\/div><\/div><\/div><\/div><!-- \/.sc_price -->[vc_empty_space height=&#8221;4em&#8221; alter_height=&#8221;none&#8221; hide_on_desktop=&#8221;&#8221; hide_on_notebook=&#8221;&#8221; hide_on_tablet=&#8221;&#8221; hide_on_mobile=&#8221;&#8221;][vc_empty_space height=&#8221;4.7em&#8221; alter_height=&#8221;none&#8221; hide_on_desktop=&#8221;&#8221; hide_on_notebook=&#8221;&#8221; hide_on_tablet=&#8221;1&#8243; hide_on_mobile=&#8221;1&#8243;][\/vc_column][\/vc_row]<\/p>\n","protected":false},"excerpt":{"rendered":"<p>[vc_row full_width=&#8221;stretch_row&#8221;][vc_column][vc_empty_space height=&#8221;2em&#8221; alter_height=&#8221;none&#8221; hide_on_desktop=&#8221;&#8221; hide_on_notebook=&#8221;&#8221; hide_on_tablet=&#8221;&#8221; hide_on_mobile=&#8221;&#8221;][vc_single_image image=&#8221;1152&#8243; img_size=&#8221;full&#8221;][\/vc_column][\/vc_row][vc_row full_width=&#8221;stretch_row&#8221; hide_bg_image_on_tablet=&#8221;&#8221; hide_bg_image_on_mobile=&#8221;&#8221;][vc_column icons_position=&#8221;left&#8221;][vc_empty_space height=&#8221;4em&#8221; alter_height=&#8221;none&#8221; hide_on_desktop=&#8221;&#8221; hide_on_notebook=&#8221;&#8221; hide_on_tablet=&#8221;&#8221; hide_on_mobile=&#8221;&#8221;][vc_row_inner][vc_column_inner width=&#8221;1\/2&#8243; icons_position=&#8221;left&#8221;][vc_empty_space height=&#8221;2em&#8221; alter_height=&#8221;none&#8221; hide_on_desktop=&#8221;&#8221; hide_on_notebook=&#8221;&#8221; hide_on_tablet=&#8221;&#8221; hide_on_mobile=&#8221;&#8221;][vc_column_text] WAS IST ES? Die herk\u00f6mmliche Form der&hellip;<\/p>\n","protected":false},"author":1,"featured_media":0,"parent":0,"menu_order":0,"comment_status":"closed","ping_status":"closed","template":"","meta":{"footnotes":""},"class_list":["post-1613","page","type-page","status-publish","hentry"],"_links":{"self":[{"href":"https:\/\/schwimmbadtechnik-mallorca.com\/de\/wp-json\/wp\/v2\/pages\/1613","targetHints":{"allow":["GET"]}}],"collection":[{"href":"https:\/\/schwimmbadtechnik-mallorca.com\/de\/wp-json\/wp\/v2\/pages"}],"about":[{"href":"https:\/\/schwimmbadtechnik-mallorca.com\/de\/wp-json\/wp\/v2\/types\/page"}],"author":[{"embeddable":true,"href":"https:\/\/schwimmbadtechnik-mallorca.com\/de\/wp-json\/wp\/v2\/users\/1"}],"replies":[{"embeddable":true,"href":"https:\/\/schwimmbadtechnik-mallorca.com\/de\/wp-json\/wp\/v2\/comments?post=1613"}],"version-history":[{"count":10,"href":"https:\/\/schwimmbadtechnik-mallorca.com\/de\/wp-json\/wp\/v2\/pages\/1613\/revisions"}],"predecessor-version":[{"id":1631,"href":"https:\/\/schwimmbadtechnik-mallorca.com\/de\/wp-json\/wp\/v2\/pages\/1613\/revisions\/1631"}],"wp:attachment":[{"href":"https:\/\/schwimmbadtechnik-mallorca.com\/de\/wp-json\/wp\/v2\/media?parent=1613"}],"curies":[{"name":"wp","href":"https:\/\/api.w.org\/{rel}","templated":true}]}}