{"id":1624,"date":"2023-08-28T17:58:36","date_gmt":"2023-08-28T17:58:36","guid":{"rendered":"https:\/\/schwimmbadtechnik-mallorca.com\/pools\/"},"modified":"2025-03-03T16:38:32","modified_gmt":"2025-03-03T16:38:32","slug":"pools","status":"publish","type":"page","link":"https:\/\/schwimmbadtechnik-mallorca.com\/de\/pools\/","title":{"rendered":"Pools"},"content":{"rendered":"<p>[vc_row full_width=&#8221;stretch_row&#8221;][vc_column][vc_empty_space height=&#8221;4em&#8221; alter_height=&#8221;none&#8221; hide_on_desktop=&#8221;&#8221; hide_on_notebook=&#8221;&#8221; hide_on_tablet=&#8221;&#8221; hide_on_mobile=&#8221;&#8221;]<div id=\"sc_title_41101947\"\n\t\tclass=\"sc_title color_style_default sc_title_default\"><h4 class=\"sc_item_title sc_title_title sc_align_left sc_item_title_style_default sc_item_title_tag\">POOLS<\/h4><\/div><!-- \/.sc_title -->[vc_single_image image=&#8221;1152&#8243; img_size=&#8221;full&#8221;][\/vc_column][\/vc_row][vc_row full_width=&#8221;stretch_row&#8221; hide_bg_image_on_tablet=&#8221;&#8221; hide_bg_image_on_mobile=&#8221;&#8221;][vc_column icons_position=&#8221;left&#8221;][vc_empty_space height=&#8221;4em&#8221; alter_height=&#8221;none&#8221; hide_on_desktop=&#8221;&#8221; hide_on_notebook=&#8221;&#8221; hide_on_tablet=&#8221;&#8221; hide_on_mobile=&#8221;&#8221;][vc_row_inner][vc_column_inner width=&#8221;1\/2&#8243; icons_position=&#8221;left&#8221;]<div id=\"sc_title_732929958\"\n\t\tclass=\"sc_title color_style_default sc_title_default\"><h5 class=\"sc_item_title sc_title_title sc_align_left sc_item_title_style_default sc_item_title_tag\">Heizschema f\u00fcr ein Schwimmbad mit Solarkollektoren:<\/h5><\/div><!-- \/.sc_title -->[vc_empty_space height=&#8221;2em&#8221; alter_height=&#8221;none&#8221; hide_on_desktop=&#8221;&#8221; hide_on_notebook=&#8221;&#8221; hide_on_tablet=&#8221;&#8221; hide_on_mobile=&#8221;&#8221;][vc_column_text]<\/p>\n<p style=\"text-align: justify;\"><strong>Heizschema f\u00fcr ein Schwimmbad mit Solarkollektoren:<\/strong><\/p>\n<ol style=\"text-align: justify;\">\n<li>Solarkollektoren::<br \/>\nInstallieren Sie Sonnenkollektoren auf einer der Sonne ausgesetzten Fl\u00e4che, z. B. auf dem Dach eines Geb\u00e4udes, einer freistehenden Konstruktion oder auf dem Boden in der N\u00e4he des Swimmingpools. Die Kollektoren k\u00f6nnen flache Platten oder geschw\u00e4rzte R\u00f6hren sein, die die Sonnenstrahlung absor<br \/>\nbieren.<\/li>\n<li>eine Umw\u00e4lzpumpe:<br \/>\nVerwenden Sie die Poolpumpe, um das Wasser durch die Solarkollektoren zirkulieren zu lassen. Die Pumpe muss stark genug sein, um einen ausreichenden Wasserdurchfluss durch die Kollektoren zu gew\u00e4hrleisten.<\/li>\n<li>Umleitventil:<br \/>\nInstallieren Sie ein Umleitungsventil in der Anlage, um den Wasserfluss zu den Solarkollektoren zu steuern. Mit diesem Ventil kann der Wasserfluss zu den Kollektoren umgeleitet werden, wenn das Schwimmbecken beheizt werden muss, und direkt in das Schwimmbecken, wenn die gew\u00fcnschte Temperatur erreicht ist.<\/li>\n<li>Filter und Reinigung:<br \/>\nStellen Sie sicher, dass das Wasser, das in die Solarkollektoren gelangt, sauber und frei von Ablagerungen ist. Installieren Sie einen geeigneten Filter, damit das Wasser sauber bleibt und ordnungsgem\u00e4\u00df funktioniert.<\/li>\n<li>Temperatursensor:<br \/>\nPlatzierte Temperatursensoren im Pool und an den Solarkollektoren, um die Wassertemperatur an beiden Stellen zu messen. Diese W\u00e4rmef\u00fchler erm\u00f6glichen es dem System, den Wasserdurchfluss automatisch an den Heizbedarf anzupassen.<\/li>\n<li>Steuerger\u00e4t: Das Klimatisierungssystem<br \/>\nwird \u00fcber einen Controller gesteuert. Der Regler \u00fcberwacht die Temperaturen und steuert das Bypassventil und die Umw\u00e4lzpumpe, um die Effizienz zu optimieren.<\/li>\n<li>Bypass: Sie k\u00f6nnen einen<br \/>\nBypass in das System einbauen, um das Wasser von den Solarkollektoren wegzuleiten, wenn die Heizung nicht ben\u00f6tigt wird. Dies verhindert eine \u00dcberhitzung des Wassers bei hohen Umgebungstemperaturen.<\/li>\n<li>R\u00fcckf\u00fchrung in das Poolsystem:<br \/>\nNachdem das Wasser durch die Solarkollektoren geflossen und erw\u00e4rmt worden ist, muss es in das Schwimmbecken zur\u00fcckgef\u00fchrt werden. Achten Sie darauf, dass der R\u00fccklauf gleichm\u00e4\u00dfig ist, damit das erw\u00e4rmte Wasser im gesamten Schwimmbecken verteilt wird.<\/li>\n<\/ol>\n<p style=\"text-align: justify;\">Denken Sie daran, dass die Installation einer Poolheizung gute Kenntnisse der Sanit\u00e4r-, Elektro- und Steuersysteme sowie eine ordnungsgem\u00e4\u00dfe Planung erfordert, um die Effizienz zu maximieren. Es ist immer ratsam, mit einem geschulten Fachmann f\u00fcr Poolheizungen zusammenzuarbeiten, um sicherzustellen, dass das System korrekt installiert wird und optimal funktioniert.<\/p>\n<p>[\/vc_column_text][vc_empty_space height=&#8221;2em&#8221; alter_height=&#8221;none&#8221; hide_on_desktop=&#8221;&#8221; hide_on_notebook=&#8221;&#8221; hide_on_tablet=&#8221;1&#8243; hide_on_mobile=&#8221;1&#8243;][\/vc_column_inner][vc_column_inner width=&#8221;1\/2&#8243;][vc_single_image image=&#8221;1188&#8243; img_size=&#8221;full&#8221;][vc_empty_space height=&#8221;2em&#8221; alter_height=&#8221;none&#8221; hide_on_desktop=&#8221;&#8221; hide_on_notebook=&#8221;&#8221; hide_on_tablet=&#8221;&#8221; hide_on_mobile=&#8221;&#8221;][vc_single_image image=&#8221;1186&#8243; img_size=&#8221;full&#8221;][vc_empty_space height=&#8221;2em&#8221; alter_height=&#8221;none&#8221; hide_on_desktop=&#8221;&#8221; hide_on_notebook=&#8221;&#8221; hide_on_tablet=&#8221;&#8221; hide_on_mobile=&#8221;&#8221;][vc_single_image image=&#8221;1113&#8243; img_size=&#8221;full&#8221;][vc_empty_space height=&#8221;2em&#8221; alter_height=&#8221;none&#8221; hide_on_desktop=&#8221;&#8221; hide_on_notebook=&#8221;&#8221; hide_on_tablet=&#8221;&#8221; hide_on_mobile=&#8221;&#8221;][\/vc_column_inner][\/vc_row_inner][\/vc_column][\/vc_row][vc_row full_width=&#8221;stretch_row_content_no_spaces&#8221; css=&#8221;.vc_custom_1693247395084{background-color: #ffffff !important;}&#8221;][vc_column][vc_single_image image=&#8221;1310&#8243; img_size=&#8221;full&#8221; alignment=&#8221;center&#8221;][\/vc_column][\/vc_row][vc_row full_width=&#8221;stretch_row&#8221; disable_element=&#8221;yes&#8221; scheme=&#8221;dark&#8221; hide_bg_image_on_tablet=&#8221;&#8221; hide_bg_image_on_mobile=&#8221;&#8221; css=&#8221;.vc_custom_1693243754356{background-image: url(https:\/\/schwimmbadtechnik-mallorca.com\/wp-content\/uploads\/2017\/11\/bg_action_service.jpg?id=457) !important;background-position: center !important;background-repeat: no-repeat !important;background-size: cover !important;}&#8221;][vc_column][vc_empty_space height=&#8221;4em&#8221; alter_height=&#8221;none&#8221; hide_on_desktop=&#8221;&#8221; hide_on_notebook=&#8221;&#8221; hide_on_tablet=&#8221;&#8221; hide_on_mobile=&#8221;&#8221;][vc_empty_space height=&#8221;9em&#8221; alter_height=&#8221;none&#8221; hide_on_desktop=&#8221;&#8221; hide_on_notebook=&#8221;&#8221; hide_on_tablet=&#8221;1&#8243; hide_on_mobile=&#8221;1&#8243;]<div id=\"sc_content_385330431\"\n\t\tclass=\"sc_content color_style_default sc_content_default sc_float_center\"><div class=\"sc_content_container\"><div  id=\"sc_action_1869841769\" \n\tclass=\"sc_action color_style_default sc_action_default\"><div class=\"sc_action_content sc_item_content\"><div class=\"sc_action_item sc_action_item_default sc_action_item_ml\">\n\t\t\t<h6 class=\"sc_action_item_subtitle\"><span>eco friendly<\/span><\/h6><h3 class=\"sc_action_item_title\"><span>Backyard Pool Landscaping Idea<\/span><\/h3><a href=\"\/request-a-quote\/\" class=\"sc_action_item_link sc_button sc_button_size_large\">more information<\/a><\/div><\/div><\/div><!-- \/.sc_action --><\/div><\/div><!-- \/.sc_content -->[vc_empty_space height=&#8221;4em&#8221; alter_height=&#8221;none&#8221; hide_on_desktop=&#8221;&#8221; hide_on_notebook=&#8221;&#8221; hide_on_tablet=&#8221;&#8221; hide_on_mobile=&#8221;&#8221;][vc_empty_space height=&#8221;8.55em&#8221; alter_height=&#8221;none&#8221; hide_on_desktop=&#8221;&#8221; hide_on_notebook=&#8221;&#8221; hide_on_tablet=&#8221;1&#8243; hide_on_mobile=&#8221;1&#8243;][\/vc_column][\/vc_row][vc_row disable_element=&#8221;yes&#8221;][vc_column][vc_empty_space height=&#8221;2em&#8221; alter_height=&#8221;none&#8221; hide_on_desktop=&#8221;&#8221; hide_on_notebook=&#8221;&#8221; hide_on_tablet=&#8221;1&#8243; hide_on_mobile=&#8221;1&#8243;][vc_empty_space height=&#8221;4em&#8221; alter_height=&#8221;none&#8221; hide_on_desktop=&#8221;&#8221; hide_on_notebook=&#8221;&#8221; hide_on_tablet=&#8221;&#8221; hide_on_mobile=&#8221;&#8221;]<div class=\"sc_item_button sc_button_wrap sc_align_center\"><a href=\"\/our-benefits\/\" id=\"sc_button_893593158\" class=\"sc_button color_style_link2 sc_button_default sc_button_size_large sc_button_icon_left\"><span class=\"sc_button_text\"><span class=\"sc_button_title\">More Services<\/span><\/span><!-- \/.sc_button_text --><\/a><!-- \/.sc_button --><\/div><!-- \/.sc_item_button -->[vc_empty_space height=&#8221;4em&#8221; alter_height=&#8221;none&#8221; hide_on_desktop=&#8221;&#8221; hide_on_notebook=&#8221;&#8221; hide_on_tablet=&#8221;&#8221; hide_on_mobile=&#8221;&#8221;][vc_empty_space height=&#8221;5.9em&#8221; alter_height=&#8221;none&#8221; hide_on_desktop=&#8221;&#8221; hide_on_notebook=&#8221;&#8221; hide_on_tablet=&#8221;1&#8243; hide_on_mobile=&#8221;1&#8243;][\/vc_column][\/vc_row][vc_row disable_element=&#8221;yes&#8221;][vc_column][vc_empty_space height=&#8221;4em&#8221; alter_height=&#8221;none&#8221; hide_on_desktop=&#8221;&#8221; hide_on_notebook=&#8221;&#8221; hide_on_tablet=&#8221;&#8221; hide_on_mobile=&#8221;&#8221;]<div  id=\"sc_promo_1830671178\" \n\tclass=\"sc_promo color_style_default sc_promo_default sc_promo_size_large sc_promo_no_paddings sc_promo_image_position_right\"><div class=\"sc_promo_image\" style=\"background-image:url(https:\/\/schwimmbadtechnik-mallorca.com\/wp-content\/uploads\/2017\/11\/service_bg.jpg);width:45%;right: 0;\"><\/div><div class=\"sc_promo_text\" style=\"width: 55%;float: left;\">\n\t\t\t<div class=\"sc_promo_text_inner sc_content_width_55%\" style=\"\"><h6 class=\"sc_item_subtitle sc_promo_subtitle sc_align_left sc_item_title_style_default\">we build the best pools<\/h6><h1 class=\"sc_item_title sc_promo_title sc_align_left sc_item_title_style_default sc_item_title_tag\">Energy Efficient Pool Equipment Helps Save<\/h1><div class=\"sc_item_descr sc_promo_descr sc_align_left\"><p>Ut enim ad minim veniam, quis nostrud exercitation ullamco laboris nisi ut aliquip ex ea commodo consequat. Duis aute irure dolor in reprehendecat cupidatat non proidem. Sed ut perspiciatis unde omnis iste natus error sit voluptatem accusantium doloremque laudantium.<\/p>\n<\/div><div class=\"sc_item_button sc_button_wrap sc_align_left\"><a href=\"\/our-team\/\" id=\"sc_button_593800110\" class=\"sc_button color_style_default sc_button_default sc_item_button sc_item_button_default sc_promo_button sc_button_size_normal sc_button_icon_left\"><span class=\"sc_button_text\"><span class=\"sc_button_title\">Read More<\/span><\/span><!-- \/.sc_button_text --><\/a><!-- \/.sc_button --><\/div><!-- \/.sc_item_button --><\/div>\n\t\t<\/div><!-- \/.sc_promo_text --><\/div><!-- \/.sc_promo -->[vc_empty_space height=&#8221;4em&#8221; alter_height=&#8221;none&#8221; hide_on_desktop=&#8221;&#8221; hide_on_notebook=&#8221;&#8221; hide_on_tablet=&#8221;&#8221; hide_on_mobile=&#8221;&#8221;][\/vc_column][\/vc_row][vc_row disable_element=&#8221;yes&#8221;][vc_column icons_position=&#8221;left&#8221;][vc_empty_space height=&#8221;4em&#8221; alter_height=&#8221;none&#8221; hide_on_desktop=&#8221;&#8221; hide_on_notebook=&#8221;&#8221; hide_on_tablet=&#8221;&#8221; hide_on_mobile=&#8221;&#8221;][vc_empty_space height=&#8221;5.75em&#8221; alter_height=&#8221;none&#8221; hide_on_desktop=&#8221;&#8221; hide_on_notebook=&#8221;&#8221; hide_on_tablet=&#8221;1&#8243; hide_on_mobile=&#8221;1&#8243;]<div  id=\"sc_price_1041045723\" \n\tclass=\"sc_price color_style_default sc_price_default\"><h1 class=\"sc_item_title sc_price_title sc_align_center sc_item_title_style_default sc_item_title_tag\">Pricing Table<\/h1><div class=\"sc_price_columns_wrap sc_item_columns trx_addons_columns_wrap columns_padding_bottom\"><div class=\"trx_addons_column-1_3\"><div class=\"sc_price_item sc_price_item_default\">\n\t\t\t<div class=\"sc_price_item_info\"><div class=\"sc_price_item_price\"><span class=\"sc_price_item_price_value\">$30<\/span><span class=\"sc_price_item_price_after\">\/month<\/span><\/div><h6 class=\"sc_price_item_subtitle\"><span>Deluxe<\/span><\/h6><div class=\"sc_price_item_details\"><ul>\n \t<li>Maintenance<\/li>\n \t<li>Pool Repair<\/li>\n \t<li>Automatic Pool Covers<\/li>\n \t<li>Pool Closings<\/li>\n \t<li>Renovation & Restoration<\/li>\n<\/ul><\/div><a href=\"\/our-services\/\" target=\"_blank\" class=\"sc_price_item_link sc_button sc_button color_style_link3 sc_button_default sc_button_size_small\">More Info<\/a><\/div><!-- \/.sc_price_item_info --><\/div><\/div><div class=\"trx_addons_column-1_3\"><div class=\"sc_price_item sc_price_item_default\">\n\t\t\t<div class=\"sc_price_item_info\"><div class=\"sc_price_item_price\"><span class=\"sc_price_item_price_value\">$27<\/span><span class=\"sc_price_item_price_after\">\/month<\/span><\/div><h6 class=\"sc_price_item_subtitle\"><span>Standard<\/span><\/h6><div class=\"sc_price_item_details\"><ul>\n \t<li>Maintenance<\/li>\n \t<li>Pool Repair<\/li>\n \t<li>Automatic Pool Covers<\/li>\n \t<li>Pool Closings<\/li>\n \t<li>-<\/li>\n<\/ul><\/div><a href=\"\/our-services\/\" target=\"_blank\" class=\"sc_price_item_link sc_button sc_button color_style_link3 sc_button_default sc_button_size_small\">More Info<\/a><\/div><!-- \/.sc_price_item_info --><\/div><\/div><div class=\"trx_addons_column-1_3\"><div class=\"sc_price_item sc_price_item_default\">\n\t\t\t<div class=\"sc_price_item_info\"><div class=\"sc_price_item_price\"><span class=\"sc_price_item_price_value\">$25<\/span><span class=\"sc_price_item_price_after\">\/month<\/span><\/div><h6 class=\"sc_price_item_subtitle\"><span>Vacation<\/span><\/h6><div class=\"sc_price_item_details\"><ul>\n \t<li>Maintenance<\/li>\n \t<li>Pool Repair<\/li>\n \t<li>-<\/li>\n \t<li>Pool Closings<\/li>\n \t<li>-<\/li>\n<\/ul><\/div><a href=\"\/our-services\/\" target=\"_blank\" class=\"sc_price_item_link sc_button sc_button color_style_link3 sc_button_default sc_button_size_small\">More Info<\/a><\/div><!-- \/.sc_price_item_info --><\/div><\/div><\/div><\/div><!-- \/.sc_price -->[vc_empty_space height=&#8221;4em&#8221; alter_height=&#8221;none&#8221; hide_on_desktop=&#8221;&#8221; hide_on_notebook=&#8221;&#8221; hide_on_tablet=&#8221;&#8221; hide_on_mobile=&#8221;&#8221;][vc_empty_space height=&#8221;4.7em&#8221; alter_height=&#8221;none&#8221; hide_on_desktop=&#8221;&#8221; hide_on_notebook=&#8221;&#8221; hide_on_tablet=&#8221;1&#8243; hide_on_mobile=&#8221;1&#8243;][\/vc_column][\/vc_row]<\/p>\n","protected":false},"excerpt":{"rendered":"<p>[vc_row full_width=&#8221;stretch_row&#8221;][vc_column][vc_empty_space height=&#8221;4em&#8221; alter_height=&#8221;none&#8221; hide_on_desktop=&#8221;&#8221; hide_on_notebook=&#8221;&#8221; hide_on_tablet=&#8221;&#8221; hide_on_mobile=&#8221;&#8221;][vc_single_image image=&#8221;1152&#8243; img_size=&#8221;full&#8221;][\/vc_column][\/vc_row][vc_row full_width=&#8221;stretch_row&#8221; hide_bg_image_on_tablet=&#8221;&#8221; hide_bg_image_on_mobile=&#8221;&#8221;][vc_column icons_position=&#8221;left&#8221;][vc_empty_space height=&#8221;4em&#8221; alter_height=&#8221;none&#8221; hide_on_desktop=&#8221;&#8221; hide_on_notebook=&#8221;&#8221; hide_on_tablet=&#8221;&#8221; hide_on_mobile=&#8221;&#8221;][vc_row_inner][vc_column_inner width=&#8221;1\/2&#8243; icons_position=&#8221;left&#8221;][vc_empty_space height=&#8221;2em&#8221; alter_height=&#8221;none&#8221; hide_on_desktop=&#8221;&#8221; hide_on_notebook=&#8221;&#8221; hide_on_tablet=&#8221;&#8221; hide_on_mobile=&#8221;&#8221;][vc_column_text] Heizschema f\u00fcr ein Schwimmbad mit Solarkollektoren: Solarkollektoren::&hellip;<\/p>\n","protected":false},"author":1,"featured_media":0,"parent":0,"menu_order":0,"comment_status":"closed","ping_status":"closed","template":"","meta":{"footnotes":""},"class_list":["post-1624","page","type-page","status-publish","hentry"],"_links":{"self":[{"href":"https:\/\/schwimmbadtechnik-mallorca.com\/de\/wp-json\/wp\/v2\/pages\/1624","targetHints":{"allow":["GET"]}}],"collection":[{"href":"https:\/\/schwimmbadtechnik-mallorca.com\/de\/wp-json\/wp\/v2\/pages"}],"about":[{"href":"https:\/\/schwimmbadtechnik-mallorca.com\/de\/wp-json\/wp\/v2\/types\/page"}],"author":[{"embeddable":true,"href":"https:\/\/schwimmbadtechnik-mallorca.com\/de\/wp-json\/wp\/v2\/users\/1"}],"replies":[{"embeddable":true,"href":"https:\/\/schwimmbadtechnik-mallorca.com\/de\/wp-json\/wp\/v2\/comments?post=1624"}],"version-history":[{"count":5,"href":"https:\/\/schwimmbadtechnik-mallorca.com\/de\/wp-json\/wp\/v2\/pages\/1624\/revisions"}],"predecessor-version":[{"id":1630,"href":"https:\/\/schwimmbadtechnik-mallorca.com\/de\/wp-json\/wp\/v2\/pages\/1624\/revisions\/1630"}],"wp:attachment":[{"href":"https:\/\/schwimmbadtechnik-mallorca.com\/de\/wp-json\/wp\/v2\/media?parent=1624"}],"curies":[{"name":"wp","href":"https:\/\/api.w.org\/{rel}","templated":true}]}}