{"id":1632,"date":"2023-10-14T09:38:25","date_gmt":"2023-10-14T09:38:25","guid":{"rendered":"https:\/\/schwimmbadtechnik-mallorca.com\/wartungsvertraege\/"},"modified":"2025-03-03T18:03:38","modified_gmt":"2025-03-03T18:03:38","slug":"wartungsvertraege","status":"publish","type":"page","link":"https:\/\/schwimmbadtechnik-mallorca.com\/de\/wartungsvertraege\/","title":{"rendered":"Wartungsvertraege"},"content":{"rendered":"<p>[vc_row full_width=&#8221;stretch_row&#8221;][vc_column][vc_empty_space height=&#8221;4em&#8221; alter_height=&#8221;none&#8221; hide_on_desktop=&#8221;&#8221; hide_on_notebook=&#8221;&#8221; hide_on_tablet=&#8221;&#8221; hide_on_mobile=&#8221;&#8221;]<div id=\"sc_title_414608960\"\n\t\tclass=\"sc_title color_style_default sc_title_default\"><h4 class=\"sc_item_title sc_title_title sc_align_left sc_item_title_style_default sc_item_title_tag\">WARTUNGSVERTR\u00c4GE<\/h4><\/div><!-- \/.sc_title -->[vc_single_image image=&#8221;1152&#8243; img_size=&#8221;full&#8221;][\/vc_column][\/vc_row][vc_row full_width=&#8221;stretch_row&#8221; hide_bg_image_on_tablet=&#8221;&#8221; hide_bg_image_on_mobile=&#8221;&#8221;][vc_column icons_position=&#8221;left&#8221;][vc_empty_space height=&#8221;4em&#8221; alter_height=&#8221;none&#8221; hide_on_desktop=&#8221;&#8221; hide_on_notebook=&#8221;&#8221; hide_on_tablet=&#8221;&#8221; hide_on_mobile=&#8221;&#8221;][vc_row_inner][vc_column_inner width=&#8221;1\/2&#8243; icons_position=&#8221;left&#8221;]<div id=\"sc_title_2070766123\"\n\t\tclass=\"sc_title color_style_default sc_title_default\"><h5 class=\"sc_item_title sc_title_title sc_align_left sc_item_title_style_default sc_item_title_tag\">4-JAHRESZEITEN-WARTUNG<\/h5><\/div><!-- \/.sc_title -->[vc_empty_space height=&#8221;2em&#8221; alter_height=&#8221;none&#8221; hide_on_desktop=&#8221;&#8221; hide_on_notebook=&#8221;&#8221; hide_on_tablet=&#8221;&#8221; hide_on_mobile=&#8221;&#8221;][vc_column_text]<\/p>\n<p style=\"text-align: justify;\">Dieser Vertrag zeichnet sich durch eine viertelj\u00e4hrliche Wartung aus, die im Wechsel der Jahreszeiten erfolgt, um den Bedarf Ihres Schwimmbeckens an das Klima und die Nutzung der Anlagen zu diesem Zeitpunkt anzupassen.<\/p>\n<p style=\"text-align: justify;\">Die Pflege eines Pools \u00fcber das ganze Jahr hinweg erfordert einen kontinuierlichen und konsequenten Wartungsplan, um sicherzustellen, dass das Wasser sauber, sicher und in gutem Zustand ist.<\/p>\n<p>[\/vc_column_text][vc_empty_space height=&#8221;2em&#8221; alter_height=&#8221;none&#8221; hide_on_desktop=&#8221;&#8221; hide_on_notebook=&#8221;&#8221; hide_on_tablet=&#8221;1&#8243; hide_on_mobile=&#8221;1&#8243;][vc_btn title=&#8221;FRAGEN SIE UNS NACH EINEM ANGEBOT&#8221; color=&#8221;info&#8221; link=&#8221;url:https%3A%2F%2Fschwimmbadtechnik-mallorca.com%2Fcontacto-hidroinstalaciones-psicinas-mallorca%2F|target:_blank|&#8221;][\/vc_column_inner][vc_column_inner width=&#8221;1\/2&#8243;][vc_single_image image=&#8221;1379&#8243; img_size=&#8221;full&#8221;][vc_empty_space height=&#8221;2em&#8221; alter_height=&#8221;none&#8221; hide_on_desktop=&#8221;&#8221; hide_on_notebook=&#8221;&#8221; hide_on_tablet=&#8221;&#8221; hide_on_mobile=&#8221;&#8221;][\/vc_column_inner][\/vc_row_inner][\/vc_column][\/vc_row][vc_row full_width=&#8221;stretch_row&#8221; hide_bg_image_on_tablet=&#8221;&#8221; hide_bg_image_on_mobile=&#8221;&#8221;][vc_column icons_position=&#8221;left&#8221;][vc_empty_space height=&#8221;4em&#8221; alter_height=&#8221;none&#8221; hide_on_desktop=&#8221;&#8221; hide_on_notebook=&#8221;&#8221; hide_on_tablet=&#8221;&#8221; hide_on_mobile=&#8221;&#8221;][vc_row_inner][vc_column_inner width=&#8221;1\/2&#8243; icons_position=&#8221;left&#8221;]<div id=\"sc_title_1413363714\"\n\t\tclass=\"sc_title color_style_default sc_title_default\"><h5 class=\"sc_item_title sc_title_title sc_align_left sc_item_title_style_default sc_item_title_tag\">JAHRESVERTRAG<\/h5><\/div><!-- \/.sc_title -->[vc_empty_space height=&#8221;2em&#8221; alter_height=&#8221;none&#8221; hide_on_desktop=&#8221;&#8221; hide_on_notebook=&#8221;&#8221; hide_on_tablet=&#8221;&#8221; hide_on_mobile=&#8221;&#8221;][vc_column_text]<\/p>\n<p style=\"text-align: justify;\">Der Jahresplan besteht aus einem Besuch, vorzugsweise vor der Sommersaison, zur \u00dcberpr\u00fcfung der Schwimmbadtechnik. Dabei werden die Rohrleitungen auf Fehler \u00fcberpr\u00fcft, die Wasserwerte gemessen, eventuelle Sonden abgeglichen und eventuell vorhandene Probleme gel\u00f6st.<\/p>\n<p>[\/vc_column_text][vc_empty_space height=&#8221;2em&#8221; alter_height=&#8221;none&#8221; hide_on_desktop=&#8221;&#8221; hide_on_notebook=&#8221;&#8221; hide_on_tablet=&#8221;1&#8243; hide_on_mobile=&#8221;1&#8243;][vc_btn title=&#8221;FRAGEN SIE UNS NACH EINEM ANGEBOT&#8221; color=&#8221;info&#8221; link=&#8221;url:https%3A%2F%2Fschwimmbadtechnik-mallorca.com%2Fcontacto-hidroinstalaciones-psicinas-mallorca%2F|target:_blank|&#8221;][\/vc_column_inner][vc_column_inner width=&#8221;1\/2&#8243;][vc_single_image image=&#8221;1377&#8243; img_size=&#8221;full&#8221;][vc_empty_space height=&#8221;2em&#8221; alter_height=&#8221;none&#8221; hide_on_desktop=&#8221;&#8221; hide_on_notebook=&#8221;&#8221; hide_on_tablet=&#8221;&#8221; hide_on_mobile=&#8221;&#8221;][\/vc_column_inner][\/vc_row_inner][\/vc_column][\/vc_row][vc_row full_width=&#8221;stretch_row&#8221; hide_bg_image_on_tablet=&#8221;&#8221; hide_bg_image_on_mobile=&#8221;&#8221;][vc_column icons_position=&#8221;left&#8221;][vc_empty_space height=&#8221;4em&#8221; alter_height=&#8221;none&#8221; hide_on_desktop=&#8221;&#8221; hide_on_notebook=&#8221;&#8221; hide_on_tablet=&#8221;&#8221; hide_on_mobile=&#8221;&#8221;][vc_row_inner][vc_column_inner width=&#8221;1\/2&#8243; icons_position=&#8221;left&#8221;]<div id=\"sc_title_227339715\"\n\t\tclass=\"sc_title color_style_default sc_title_default\"><h5 class=\"sc_item_title sc_title_title sc_align_left sc_item_title_style_default sc_item_title_tag\">ER\u00d6FFNUNGS UND SCHLUSSVERTRAG F\u00dcR DIE BADESAISON<\/h5><\/div><!-- \/.sc_title -->[vc_empty_space height=&#8221;2em&#8221; alter_height=&#8221;none&#8221; hide_on_desktop=&#8221;&#8221; hide_on_notebook=&#8221;&#8221; hide_on_tablet=&#8221;&#8221; hide_on_mobile=&#8221;&#8221;][vc_column_text]<\/p>\n<p style=\"text-align: justify;\">Dieser Plan soll vor der Sommersaison durchgef\u00fchrt werden, um die Ausr\u00fcstung und den Pool f\u00fcr die Sommermonate vorzubereiten, und umfasst auch einen weiteren Besuch am Ende des Sommers, um die Ausr\u00fcstung wieder in den Winterschlaf zu versetzen.<\/p>\n<p>[\/vc_column_text][vc_empty_space height=&#8221;2em&#8221; alter_height=&#8221;none&#8221; hide_on_desktop=&#8221;&#8221; hide_on_notebook=&#8221;&#8221; hide_on_tablet=&#8221;1&#8243; hide_on_mobile=&#8221;1&#8243;][vc_btn title=&#8221;FRAGEN SIE UNS NACH EINEM ANGEBOT&#8221; color=&#8221;info&#8221; link=&#8221;url:https%3A%2F%2Fschwimmbadtechnik-mallorca.com%2Fcontacto-hidroinstalaciones-psicinas-mallorca%2F|target:_blank|&#8221;][\/vc_column_inner][vc_column_inner width=&#8221;1\/2&#8243;][vc_single_image image=&#8221;1381&#8243; img_size=&#8221;full&#8221;][vc_empty_space height=&#8221;2em&#8221; alter_height=&#8221;none&#8221; hide_on_desktop=&#8221;&#8221; hide_on_notebook=&#8221;&#8221; hide_on_tablet=&#8221;&#8221; hide_on_mobile=&#8221;&#8221;][\/vc_column_inner][\/vc_row_inner][\/vc_column][\/vc_row][vc_row full_width=&#8221;stretch_row_content_no_spaces&#8221; css=&#8221;.vc_custom_1741024996417{background-color: #ffffff !important;}&#8221;][vc_column fix_column=&#8221;&#8221;][vc_single_image image=&#8221;1310&#8243; img_size=&#8221;full&#8221; alignment=&#8221;center&#8221;][\/vc_column][\/vc_row][vc_row disable_element=&#8221;yes&#8221;][vc_column][vc_empty_space height=&#8221;2em&#8221; alter_height=&#8221;none&#8221; hide_on_desktop=&#8221;&#8221; hide_on_notebook=&#8221;&#8221; hide_on_tablet=&#8221;1&#8243; hide_on_mobile=&#8221;1&#8243;][vc_empty_space height=&#8221;4em&#8221; alter_height=&#8221;none&#8221; hide_on_desktop=&#8221;&#8221; hide_on_notebook=&#8221;&#8221; hide_on_tablet=&#8221;&#8221; hide_on_mobile=&#8221;&#8221;]<div class=\"sc_item_button sc_button_wrap sc_align_center\"><a href=\"\/our-benefits\/\" id=\"sc_button_1221770592\" class=\"sc_button color_style_link2 sc_button_default sc_button_size_large sc_button_icon_left\"><span class=\"sc_button_text\"><span class=\"sc_button_title\">More Services<\/span><\/span><!-- \/.sc_button_text --><\/a><!-- \/.sc_button --><\/div><!-- \/.sc_item_button -->[vc_empty_space height=&#8221;4em&#8221; alter_height=&#8221;none&#8221; hide_on_desktop=&#8221;&#8221; hide_on_notebook=&#8221;&#8221; hide_on_tablet=&#8221;&#8221; hide_on_mobile=&#8221;&#8221;][vc_empty_space height=&#8221;5.9em&#8221; alter_height=&#8221;none&#8221; hide_on_desktop=&#8221;&#8221; hide_on_notebook=&#8221;&#8221; hide_on_tablet=&#8221;1&#8243; hide_on_mobile=&#8221;1&#8243;][\/vc_column][\/vc_row][vc_row full_width=&#8221;stretch_row&#8221; disable_element=&#8221;yes&#8221; scheme=&#8221;dark&#8221; hide_bg_image_on_tablet=&#8221;&#8221; hide_bg_image_on_mobile=&#8221;&#8221; css=&#8221;.vc_custom_1693243754356{background-image: url(https:\/\/schwimmbadtechnik-mallorca.com\/wp-content\/uploads\/2017\/11\/bg_action_service.jpg?id=457) !important;background-position: center !important;background-repeat: no-repeat !important;background-size: cover !important;}&#8221;][vc_column][vc_empty_space height=&#8221;4em&#8221; alter_height=&#8221;none&#8221; hide_on_desktop=&#8221;&#8221; hide_on_notebook=&#8221;&#8221; hide_on_tablet=&#8221;&#8221; hide_on_mobile=&#8221;&#8221;][vc_empty_space height=&#8221;9em&#8221; alter_height=&#8221;none&#8221; hide_on_desktop=&#8221;&#8221; hide_on_notebook=&#8221;&#8221; hide_on_tablet=&#8221;1&#8243; hide_on_mobile=&#8221;1&#8243;]<div id=\"sc_content_383369226\"\n\t\tclass=\"sc_content color_style_default sc_content_default sc_float_center\"><div class=\"sc_content_container\"><div  id=\"sc_action_1713887855\" \n\tclass=\"sc_action color_style_default sc_action_default\"><div class=\"sc_action_content sc_item_content\"><div class=\"sc_action_item sc_action_item_default sc_action_item_ml\">\n\t\t\t<h6 class=\"sc_action_item_subtitle\"><span>eco friendly<\/span><\/h6><h3 class=\"sc_action_item_title\"><span>Backyard Pool Landscaping Idea<\/span><\/h3><a href=\"\/request-a-quote\/\" class=\"sc_action_item_link sc_button sc_button_size_large\">more information<\/a><\/div><\/div><\/div><!-- \/.sc_action --><\/div><\/div><!-- \/.sc_content -->[vc_empty_space height=&#8221;4em&#8221; alter_height=&#8221;none&#8221; hide_on_desktop=&#8221;&#8221; hide_on_notebook=&#8221;&#8221; hide_on_tablet=&#8221;&#8221; hide_on_mobile=&#8221;&#8221;][vc_empty_space height=&#8221;8.55em&#8221; alter_height=&#8221;none&#8221; hide_on_desktop=&#8221;&#8221; hide_on_notebook=&#8221;&#8221; hide_on_tablet=&#8221;1&#8243; hide_on_mobile=&#8221;1&#8243;][\/vc_column][\/vc_row][vc_row disable_element=&#8221;yes&#8221;][vc_column][vc_empty_space height=&#8221;4em&#8221; alter_height=&#8221;none&#8221; hide_on_desktop=&#8221;&#8221; hide_on_notebook=&#8221;&#8221; hide_on_tablet=&#8221;&#8221; hide_on_mobile=&#8221;&#8221;]<div  id=\"sc_promo_363653643\" \n\tclass=\"sc_promo color_style_default sc_promo_default sc_promo_size_large sc_promo_no_paddings sc_promo_image_position_right\"><div class=\"sc_promo_image\" style=\"background-image:url(https:\/\/schwimmbadtechnik-mallorca.com\/wp-content\/uploads\/2017\/11\/service_bg.jpg);width:45%;right: 0;\"><\/div><div class=\"sc_promo_text\" style=\"width: 55%;float: left;\">\n\t\t\t<div class=\"sc_promo_text_inner sc_content_width_55%\" style=\"\"><h6 class=\"sc_item_subtitle sc_promo_subtitle sc_align_left sc_item_title_style_default\">we build the best pools<\/h6><h1 class=\"sc_item_title sc_promo_title sc_align_left sc_item_title_style_default sc_item_title_tag\">Energy Efficient Pool Equipment Helps Save<\/h1><div class=\"sc_item_descr sc_promo_descr sc_align_left\"><p>Ut enim ad minim veniam, quis nostrud exercitation ullamco laboris nisi ut aliquip ex ea commodo consequat. Duis aute irure dolor in reprehendecat cupidatat non proidem. Sed ut perspiciatis unde omnis iste natus error sit voluptatem accusantium doloremque laudantium.<\/p>\n<\/div><div class=\"sc_item_button sc_button_wrap sc_align_left\"><a href=\"\/our-team\/\" id=\"sc_button_1543808674\" class=\"sc_button color_style_default sc_button_default sc_item_button sc_item_button_default sc_promo_button sc_button_size_normal sc_button_icon_left\"><span class=\"sc_button_text\"><span class=\"sc_button_title\">Read More<\/span><\/span><!-- \/.sc_button_text --><\/a><!-- \/.sc_button --><\/div><!-- \/.sc_item_button --><\/div>\n\t\t<\/div><!-- \/.sc_promo_text --><\/div><!-- \/.sc_promo -->[vc_empty_space height=&#8221;4em&#8221; alter_height=&#8221;none&#8221; hide_on_desktop=&#8221;&#8221; hide_on_notebook=&#8221;&#8221; hide_on_tablet=&#8221;&#8221; hide_on_mobile=&#8221;&#8221;][\/vc_column][\/vc_row][vc_row disable_element=&#8221;yes&#8221;][vc_column icons_position=&#8221;left&#8221;][vc_empty_space height=&#8221;4em&#8221; alter_height=&#8221;none&#8221; hide_on_desktop=&#8221;&#8221; hide_on_notebook=&#8221;&#8221; hide_on_tablet=&#8221;&#8221; hide_on_mobile=&#8221;&#8221;][vc_empty_space height=&#8221;5.75em&#8221; alter_height=&#8221;none&#8221; hide_on_desktop=&#8221;&#8221; hide_on_notebook=&#8221;&#8221; hide_on_tablet=&#8221;1&#8243; hide_on_mobile=&#8221;1&#8243;]<div  id=\"sc_price_317894258\" \n\tclass=\"sc_price color_style_default sc_price_default\"><h1 class=\"sc_item_title sc_price_title sc_align_center sc_item_title_style_default sc_item_title_tag\">Pricing Table<\/h1><div class=\"sc_price_columns_wrap sc_item_columns trx_addons_columns_wrap columns_padding_bottom\"><div class=\"trx_addons_column-1_3\"><div class=\"sc_price_item sc_price_item_default\">\n\t\t\t<div class=\"sc_price_item_info\"><div class=\"sc_price_item_price\"><span class=\"sc_price_item_price_value\">$30<\/span><span class=\"sc_price_item_price_after\">\/month<\/span><\/div><h6 class=\"sc_price_item_subtitle\"><span>Deluxe<\/span><\/h6><div class=\"sc_price_item_details\"><ul>\n \t<li>Maintenance<\/li>\n \t<li>Pool Repair<\/li>\n \t<li>Automatic Pool Covers<\/li>\n \t<li>Pool Closings<\/li>\n \t<li>Renovation & Restoration<\/li>\n<\/ul><\/div><a href=\"\/our-services\/\" target=\"_blank\" class=\"sc_price_item_link sc_button sc_button color_style_link3 sc_button_default sc_button_size_small\">More Info<\/a><\/div><!-- \/.sc_price_item_info --><\/div><\/div><div class=\"trx_addons_column-1_3\"><div class=\"sc_price_item sc_price_item_default\">\n\t\t\t<div class=\"sc_price_item_info\"><div class=\"sc_price_item_price\"><span class=\"sc_price_item_price_value\">$27<\/span><span class=\"sc_price_item_price_after\">\/month<\/span><\/div><h6 class=\"sc_price_item_subtitle\"><span>Standard<\/span><\/h6><div class=\"sc_price_item_details\"><ul>\n \t<li>Maintenance<\/li>\n \t<li>Pool Repair<\/li>\n \t<li>Automatic Pool Covers<\/li>\n \t<li>Pool Closings<\/li>\n \t<li>-<\/li>\n<\/ul><\/div><a href=\"\/our-services\/\" target=\"_blank\" class=\"sc_price_item_link sc_button sc_button color_style_link3 sc_button_default sc_button_size_small\">More Info<\/a><\/div><!-- \/.sc_price_item_info --><\/div><\/div><div class=\"trx_addons_column-1_3\"><div class=\"sc_price_item sc_price_item_default\">\n\t\t\t<div class=\"sc_price_item_info\"><div class=\"sc_price_item_price\"><span class=\"sc_price_item_price_value\">$25<\/span><span class=\"sc_price_item_price_after\">\/month<\/span><\/div><h6 class=\"sc_price_item_subtitle\"><span>Vacation<\/span><\/h6><div class=\"sc_price_item_details\"><ul>\n \t<li>Maintenance<\/li>\n \t<li>Pool Repair<\/li>\n \t<li>-<\/li>\n \t<li>Pool Closings<\/li>\n \t<li>-<\/li>\n<\/ul><\/div><a href=\"\/our-services\/\" target=\"_blank\" class=\"sc_price_item_link sc_button sc_button color_style_link3 sc_button_default sc_button_size_small\">More Info<\/a><\/div><!-- \/.sc_price_item_info --><\/div><\/div><\/div><\/div><!-- \/.sc_price -->[vc_empty_space height=&#8221;4em&#8221; alter_height=&#8221;none&#8221; hide_on_desktop=&#8221;&#8221; hide_on_notebook=&#8221;&#8221; hide_on_tablet=&#8221;&#8221; hide_on_mobile=&#8221;&#8221;][vc_empty_space height=&#8221;4.7em&#8221; alter_height=&#8221;none&#8221; hide_on_desktop=&#8221;&#8221; hide_on_notebook=&#8221;&#8221; hide_on_tablet=&#8221;1&#8243; hide_on_mobile=&#8221;1&#8243;][\/vc_column][\/vc_row]<\/p>\n","protected":false},"excerpt":{"rendered":"<p>[vc_row full_width=&#8221;stretch_row&#8221;][vc_column][vc_empty_space height=&#8221;4em&#8221; alter_height=&#8221;none&#8221; hide_on_desktop=&#8221;&#8221; hide_on_notebook=&#8221;&#8221; hide_on_tablet=&#8221;&#8221; hide_on_mobile=&#8221;&#8221;][vc_single_image image=&#8221;1152&#8243; img_size=&#8221;full&#8221;][\/vc_column][\/vc_row][vc_row full_width=&#8221;stretch_row&#8221; hide_bg_image_on_tablet=&#8221;&#8221; hide_bg_image_on_mobile=&#8221;&#8221;][vc_column icons_position=&#8221;left&#8221;][vc_empty_space height=&#8221;4em&#8221; alter_height=&#8221;none&#8221; hide_on_desktop=&#8221;&#8221; hide_on_notebook=&#8221;&#8221; hide_on_tablet=&#8221;&#8221; hide_on_mobile=&#8221;&#8221;][vc_row_inner][vc_column_inner width=&#8221;1\/2&#8243; icons_position=&#8221;left&#8221;][vc_empty_space height=&#8221;2em&#8221; alter_height=&#8221;none&#8221; hide_on_desktop=&#8221;&#8221; hide_on_notebook=&#8221;&#8221; hide_on_tablet=&#8221;&#8221; hide_on_mobile=&#8221;&#8221;][vc_column_text] Dieser Vertrag zeichnet sich durch eine viertelj\u00e4hrliche&hellip;<\/p>\n","protected":false},"author":1,"featured_media":0,"parent":0,"menu_order":0,"comment_status":"closed","ping_status":"closed","template":"","meta":{"footnotes":""},"class_list":["post-1632","page","type-page","status-publish","hentry"],"_links":{"self":[{"href":"https:\/\/schwimmbadtechnik-mallorca.com\/de\/wp-json\/wp\/v2\/pages\/1632","targetHints":{"allow":["GET"]}}],"collection":[{"href":"https:\/\/schwimmbadtechnik-mallorca.com\/de\/wp-json\/wp\/v2\/pages"}],"about":[{"href":"https:\/\/schwimmbadtechnik-mallorca.com\/de\/wp-json\/wp\/v2\/types\/page"}],"author":[{"embeddable":true,"href":"https:\/\/schwimmbadtechnik-mallorca.com\/de\/wp-json\/wp\/v2\/users\/1"}],"replies":[{"embeddable":true,"href":"https:\/\/schwimmbadtechnik-mallorca.com\/de\/wp-json\/wp\/v2\/comments?post=1632"}],"version-history":[{"count":19,"href":"https:\/\/schwimmbadtechnik-mallorca.com\/de\/wp-json\/wp\/v2\/pages\/1632\/revisions"}],"predecessor-version":[{"id":1659,"href":"https:\/\/schwimmbadtechnik-mallorca.com\/de\/wp-json\/wp\/v2\/pages\/1632\/revisions\/1659"}],"wp:attachment":[{"href":"https:\/\/schwimmbadtechnik-mallorca.com\/de\/wp-json\/wp\/v2\/media?parent=1632"}],"curies":[{"name":"wp","href":"https:\/\/api.w.org\/{rel}","templated":true}]}}